{"id":1922,"date":"2025-11-26T06:48:58","date_gmt":"2025-11-26T06:48:58","guid":{"rendered":"https:\/\/pastisseriafaixat.com\/?page_id=1922"},"modified":"2025-11-26T06:52:28","modified_gmt":"2025-11-26T06:52:28","slug":"legislacion-vigente","status":"publish","type":"page","link":"https:\/\/pastisseriafaixat.com\/es\/legislacion-vigente\/","title":{"rendered":"Legislaci\u00f3n vigente"},"content":{"rendered":"\t\t<div data-elementor-type=\"wp-page\" data-elementor-id=\"1922\" class=\"elementor elementor-1922\" data-elementor-post-type=\"page\">\n\t\t\t\t\t\t<section class=\"elementor-section elementor-top-section elementor-element elementor-element-c03736e elementor-section-boxed elementor-section-height-default elementor-section-height-default parallax_section_no qode_elementor_container_no\" data-id=\"c03736e\" data-element_type=\"section\">\n\t\t\t\t\t\t<div class=\"elementor-container elementor-column-gap-default\">\n\t\t\t\t\t<div class=\"elementor-column elementor-col-100 elementor-top-column elementor-element elementor-element-c6e46d0\" data-id=\"c6e46d0\" data-element_type=\"column\">\n\t\t\t<div class=\"elementor-widget-wrap elementor-element-populated\">\n\t\t\t\t\t\t<div class=\"elementor-element elementor-element-c379d1b elementor-widget elementor-widget-text-editor\" data-id=\"c379d1b\" data-element_type=\"widget\" data-widget_type=\"text-editor.default\">\n\t\t\t\t<div class=\"elementor-widget-container\">\n\t\t\t\t\t\t\t\t\t<p><strong><u>LEGISLACI\u00d3N VIGENTE Y APLICABLE DE LA P\u00c1GINA DE VENTA ELECTR\u00d3NICA DE PASTISSERIA FAIXAT, S.L.<\/u><\/strong><\/p><p>Se ha dado estricto cumplimiento a la siguiente legislaci\u00f3n para la elaboraci\u00f3n de la plataforma de venta on line de la sociedad Pastissseria Faixat,S.L.<\/p><p><strong>Dicha legislaci\u00f3n es la que sigue:<\/strong><\/p><p><strong>Reglamento General de Protecci\u00f3n de Datos (RGPD)<\/strong>\u00a0de la Uni\u00f3n Europea<\/p><p><strong>Ley Org\u00e1nica 3\/2018 de Protecci\u00f3n de Datos Personales y garant\u00eda de los derechos digitales (LOPDGDD)<\/strong>.<\/p><p>\u00a0<\/p><p><strong><u>En cuanto al comercio electr\u00f3nico:<\/u><\/strong><\/p><p>\u00a0<strong>Ley 34\/2002, de 11 de julio, de servicios de la sociedad de la informaci\u00f3n y de comercio electr\u00f3nico (LSSI)<\/strong>,<\/p><p>\u00a0<strong>Real Decreto Legislativo 1\/2007<\/strong>\u00a0que aprueba el texto refundido de la Ley General para la Defensa de los Consumidores y Usuarios.\u00a0<\/p><p><strong><u>Protecci\u00f3n de datos<\/u><\/strong><\/p><ul><li><strong>Reglamento General de Protecci\u00f3n de Datos (RGPD<\/strong><\/li><li><strong>Ley Org\u00e1nica 3\/2018 (LOPDGDD):<\/strong>\u00a0Adapta la normativa espa\u00f1ola al RGPD y establece disposiciones adicionales para la protecci\u00f3n de datos personales y la garant\u00eda de los derechos digitales.<\/li><li><strong>Ley Org\u00e1nica 7\/2021:<\/strong>\u00a0Regula el tratamiento de datos personales en el \u00e1mbito de la prevenci\u00f3n, detecci\u00f3n, investigaci\u00f3n y enjuiciamiento de infracciones penales y la ejecuci\u00f3n de sanciones penales.\u00a0<\/li><\/ul><ul><li><strong>Real Decreto Legislativo 1\/2007:<\/strong>\u00a0Aprueba el texto refundido de la Ley General para la Defensa de los Consumidores y Usuarios. Contiene disposiciones espec\u00edficas para la protecci\u00f3n de los derechos de los consumidores en transacciones comerciales, incluyendo las realizadas a trav\u00e9s de medios electr\u00f3nicos.<\/li><li><strong>Ley 25\/2007, de 18 de octubre:<\/strong>\u00a0Regula la conservaci\u00f3n de datos relativos a las comunicaciones electr\u00f3nicas.<\/li><li><strong>Ley 6\/2020, de 11 de noviembre:<\/strong>\u00a0Regula determinados aspectos de los servicios electr\u00f3nicos de confianza, como la firma electr\u00f3nica.\u00a0<\/li><\/ul><p>\u00a0<\/p>\t\t\t\t\t\t\t\t<\/div>\n\t\t\t\t<\/div>\n\t\t\t\t\t<\/div>\n\t\t<\/div>\n\t\t\t\t\t<\/div>\n\t\t<\/section>\n\t\t\t\t<\/div>\n\t\t","protected":false},"excerpt":{"rendered":"<p>LEGISLACI\u00d3N VIGENTE Y APLICABLE DE LA P\u00c1GINA DE VENTA ELECTR\u00d3NICA DE PASTISSERIA FAIXAT, S.L. Se ha dado estricto cumplimiento a la siguiente legislaci\u00f3n para la elaboraci\u00f3n de la plataforma de venta on line de la sociedad Pastissseria Faixat,S.L. Dicha legislaci\u00f3n es la que sigue: Reglamento&#8230;<\/p>\n","protected":false},"author":1,"featured_media":0,"parent":0,"menu_order":0,"comment_status":"closed","ping_status":"closed","template":"","meta":{"footnotes":""},"class_list":["post-1922","page","type-page","status-publish","hentry"],"jetpack_sharing_enabled":true,"_links":{"self":[{"href":"https:\/\/pastisseriafaixat.com\/es\/wp-json\/wp\/v2\/pages\/1922","targetHints":{"allow":["GET"]}}],"collection":[{"href":"https:\/\/pastisseriafaixat.com\/es\/wp-json\/wp\/v2\/pages"}],"about":[{"href":"https:\/\/pastisseriafaixat.com\/es\/wp-json\/wp\/v2\/types\/page"}],"author":[{"embeddable":true,"href":"https:\/\/pastisseriafaixat.com\/es\/wp-json\/wp\/v2\/users\/1"}],"replies":[{"embeddable":true,"href":"https:\/\/pastisseriafaixat.com\/es\/wp-json\/wp\/v2\/comments?post=1922"}],"version-history":[{"count":4,"href":"https:\/\/pastisseriafaixat.com\/es\/wp-json\/wp\/v2\/pages\/1922\/revisions"}],"predecessor-version":[{"id":1926,"href":"https:\/\/pastisseriafaixat.com\/es\/wp-json\/wp\/v2\/pages\/1922\/revisions\/1926"}],"wp:attachment":[{"href":"https:\/\/pastisseriafaixat.com\/es\/wp-json\/wp\/v2\/media?parent=1922"}],"curies":[{"name":"wp","href":"https:\/\/api.w.org\/{rel}","templated":true}]}}