{"id":2036,"date":"2025-11-21T16:43:38","date_gmt":"2025-11-21T16:43:38","guid":{"rendered":"https:\/\/pastisseriafaixat.com\/producto\/panettone-clasico\/"},"modified":"2025-11-28T10:37:27","modified_gmt":"2025-11-28T10:37:27","slug":"panettone-clasico","status":"publish","type":"product","link":"https:\/\/pastisseriafaixat.com\/es\/producte\/panettone-clasico\/","title":{"rendered":"Panettone cl\u00e1sico"},"content":{"rendered":"<p>\u00a1Una elaboraci\u00f3n que nos tiene enamorados! Panettone 100% artesano y con masa madre.<\/p>\n<p>Esta es la versi\u00f3n cl\u00e1sica con trocitos de naranja y pasas.<\/p>\n<p>500-580 gramos.<\/p>\n","protected":false},"excerpt":{"rendered":"<p>\u00a1Una elaboraci\u00f3n que nos tiene enamorados! Panettone 100% artesano y con masa madre. Esta es la versi\u00f3n cl\u00e1sica con trocitos de naranja y pasas. 500-580 gramos.<\/p>\n","protected":false},"featured_media":2032,"template":"","meta":[],"product_brand":[],"product_cat":[55],"product_tag":[],"class_list":{"0":"post-2036","1":"product","2":"type-product","3":"status-publish","4":"has-post-thumbnail","6":"product_cat-navidad","8":"first","9":"outofstock","10":"shipping-taxable","11":"purchasable","12":"product-type-simple"},"jetpack_sharing_enabled":true,"wcpa_form_fields":null,"_links":{"self":[{"href":"https:\/\/pastisseriafaixat.com\/es\/wp-json\/wp\/v2\/product\/2036","targetHints":{"allow":["GET"]}}],"collection":[{"href":"https:\/\/pastisseriafaixat.com\/es\/wp-json\/wp\/v2\/product"}],"about":[{"href":"https:\/\/pastisseriafaixat.com\/es\/wp-json\/wp\/v2\/types\/product"}],"wp:featuredmedia":[{"embeddable":true,"href":"https:\/\/pastisseriafaixat.com\/es\/wp-json\/wp\/v2\/media\/2032"}],"wp:attachment":[{"href":"https:\/\/pastisseriafaixat.com\/es\/wp-json\/wp\/v2\/media?parent=2036"}],"wp:term":[{"taxonomy":"product_brand","embeddable":true,"href":"https:\/\/pastisseriafaixat.com\/es\/wp-json\/wp\/v2\/product_brand?post=2036"},{"taxonomy":"product_cat","embeddable":true,"href":"https:\/\/pastisseriafaixat.com\/es\/wp-json\/wp\/v2\/product_cat?post=2036"},{"taxonomy":"product_tag","embeddable":true,"href":"https:\/\/pastisseriafaixat.com\/es\/wp-json\/wp\/v2\/product_tag?post=2036"}],"curies":[{"name":"wp","href":"https:\/\/api.w.org\/{rel}","templated":true}]}}