{"id":2072,"date":"2025-11-19T17:01:20","date_gmt":"2025-11-19T17:01:20","guid":{"rendered":"https:\/\/pastisseriafaixat.com\/producto\/barritas-de-praline\/"},"modified":"2025-11-28T11:07:16","modified_gmt":"2025-11-28T11:07:16","slug":"barritas-de-praline","status":"publish","type":"product","link":"https:\/\/pastisseriafaixat.com\/es\/producte\/barritas-de-praline\/","title":{"rendered":"Barritas de pralin\u00e9"},"content":{"rendered":"<p>\u00a1El <strong>producto estrella<\/strong> de la casa! Hechas con pralin\u00e9 100% alemendra marcona y un toque ligero de caf\u00e9. <\/p>\n<p>Es una receta propia, heredada de la pasteler\u00eda Pujadas, que no encontrar\u00e1s en ninguna otra pasteler\u00eda.<\/p>\n<p>Precio por unidad.<\/p>\n","protected":false},"excerpt":{"rendered":"<p>\u00a1El producto estrella de la casa! Hechas con pralin\u00e9 100% alemendra marcona y un toque ligero de caf\u00e9. Es una receta propia, heredada de la pasteler\u00eda Pujadas, que no encontrar\u00e1s en ninguna otra pasteler\u00eda. Precio por unidad.<\/p>\n","protected":false},"featured_media":2069,"template":"","meta":[],"product_brand":[],"product_cat":[60],"product_tag":[],"class_list":{"0":"post-2072","1":"product","2":"type-product","3":"status-publish","4":"has-post-thumbnail","6":"product_cat-chocolates","8":"first","9":"instock","10":"shipping-taxable","11":"purchasable","12":"product-type-simple"},"jetpack_sharing_enabled":true,"wcpa_form_fields":null,"_links":{"self":[{"href":"https:\/\/pastisseriafaixat.com\/es\/wp-json\/wp\/v2\/product\/2072","targetHints":{"allow":["GET"]}}],"collection":[{"href":"https:\/\/pastisseriafaixat.com\/es\/wp-json\/wp\/v2\/product"}],"about":[{"href":"https:\/\/pastisseriafaixat.com\/es\/wp-json\/wp\/v2\/types\/product"}],"wp:featuredmedia":[{"embeddable":true,"href":"https:\/\/pastisseriafaixat.com\/es\/wp-json\/wp\/v2\/media\/2069"}],"wp:attachment":[{"href":"https:\/\/pastisseriafaixat.com\/es\/wp-json\/wp\/v2\/media?parent=2072"}],"wp:term":[{"taxonomy":"product_brand","embeddable":true,"href":"https:\/\/pastisseriafaixat.com\/es\/wp-json\/wp\/v2\/product_brand?post=2072"},{"taxonomy":"product_cat","embeddable":true,"href":"https:\/\/pastisseriafaixat.com\/es\/wp-json\/wp\/v2\/product_cat?post=2072"},{"taxonomy":"product_tag","embeddable":true,"href":"https:\/\/pastisseriafaixat.com\/es\/wp-json\/wp\/v2\/product_tag?post=2072"}],"curies":[{"name":"wp","href":"https:\/\/api.w.org\/{rel}","templated":true}]}}