{"id":2082,"date":"2025-11-19T16:59:31","date_gmt":"2025-11-19T16:59:31","guid":{"rendered":"https:\/\/pastisseriafaixat.com\/producte\/virutas-de-san-jose\/"},"modified":"2025-11-28T15:40:29","modified_gmt":"2025-11-28T15:40:29","slug":"virutas-de-san-jose","status":"publish","type":"product","link":"https:\/\/pastisseriafaixat.com\/es\/producte\/virutas-de-san-jose\/","title":{"rendered":"Virutas de San Jos\u00e9"},"content":{"rendered":"<p>Nuestras Virutas de San Jos\u00e9 son uno de los productos m\u00e1s demandados en la tienda. Elaborados tal como manda la tradici\u00f3n: con una galleta crujiente a base de harina de almendra, cubierta de palillo de almendra y ba\u00f1ada en chocolate negro. <\/p>\n<p>Caja transparente con 6-8 unidades.<\/p>\n","protected":false},"excerpt":{"rendered":"<p>Nuestras Virutas de San Jos\u00e9 son uno de los productos m\u00e1s demandados en la tienda. Elaborados tal como manda la tradici\u00f3n: con una galleta crujiente a base de harina de almendra, cubierta de palillo de almendra y ba\u00f1ada en chocolate negro. Caja transparente con 6-8&#8230;<\/p>\n","protected":false},"featured_media":2079,"template":"","meta":[],"product_brand":[],"product_cat":[60],"product_tag":[],"class_list":{"0":"post-2082","1":"product","2":"type-product","3":"status-publish","4":"has-post-thumbnail","6":"product_cat-chocolates","8":"first","9":"instock","10":"shipping-taxable","11":"purchasable","12":"product-type-simple"},"jetpack_sharing_enabled":true,"wcpa_form_fields":null,"_links":{"self":[{"href":"https:\/\/pastisseriafaixat.com\/es\/wp-json\/wp\/v2\/product\/2082","targetHints":{"allow":["GET"]}}],"collection":[{"href":"https:\/\/pastisseriafaixat.com\/es\/wp-json\/wp\/v2\/product"}],"about":[{"href":"https:\/\/pastisseriafaixat.com\/es\/wp-json\/wp\/v2\/types\/product"}],"wp:featuredmedia":[{"embeddable":true,"href":"https:\/\/pastisseriafaixat.com\/es\/wp-json\/wp\/v2\/media\/2079"}],"wp:attachment":[{"href":"https:\/\/pastisseriafaixat.com\/es\/wp-json\/wp\/v2\/media?parent=2082"}],"wp:term":[{"taxonomy":"product_brand","embeddable":true,"href":"https:\/\/pastisseriafaixat.com\/es\/wp-json\/wp\/v2\/product_brand?post=2082"},{"taxonomy":"product_cat","embeddable":true,"href":"https:\/\/pastisseriafaixat.com\/es\/wp-json\/wp\/v2\/product_cat?post=2082"},{"taxonomy":"product_tag","embeddable":true,"href":"https:\/\/pastisseriafaixat.com\/es\/wp-json\/wp\/v2\/product_tag?post=2082"}],"curies":[{"name":"wp","href":"https:\/\/api.w.org\/{rel}","templated":true}]}}