{"id":2095,"date":"2025-11-19T16:33:57","date_gmt":"2025-11-19T16:33:57","guid":{"rendered":"https:\/\/pastisseriafaixat.com\/producte\/caja-panellet-de-oro\/"},"modified":"2025-11-28T15:56:21","modified_gmt":"2025-11-28T15:56:21","slug":"caja-panellet-de-oro","status":"publish","type":"product","link":"https:\/\/pastisseriafaixat.com\/es\/producte\/caja-panellet-de-oro\/","title":{"rendered":"Caja Panellet de Oro"},"content":{"rendered":"<p>Caja con 6 unidades de panellets de pi\u00f1ones.<\/p>\n<p>Premiado como Panellet de Oro, al Mejor Panellet de Pi\u00f1ones de Catalu\u00f1a 2025.<\/p>\n","protected":false},"excerpt":{"rendered":"<p>Caja con 6 unidades de panellets de pi\u00f1ones. Premiado como Panellet de Oro, al Mejor Panellet de Pi\u00f1ones de Catalu\u00f1a 2025.<\/p>\n","protected":false},"featured_media":2093,"template":"","meta":[],"product_brand":[],"product_cat":[56],"product_tag":[],"class_list":{"0":"post-2095","1":"product","2":"type-product","3":"status-publish","4":"has-post-thumbnail","6":"product_cat-panellets","8":"first","9":"outofstock","10":"shipping-taxable","11":"purchasable","12":"product-type-simple"},"jetpack_sharing_enabled":true,"wcpa_form_fields":null,"_links":{"self":[{"href":"https:\/\/pastisseriafaixat.com\/es\/wp-json\/wp\/v2\/product\/2095","targetHints":{"allow":["GET"]}}],"collection":[{"href":"https:\/\/pastisseriafaixat.com\/es\/wp-json\/wp\/v2\/product"}],"about":[{"href":"https:\/\/pastisseriafaixat.com\/es\/wp-json\/wp\/v2\/types\/product"}],"wp:featuredmedia":[{"embeddable":true,"href":"https:\/\/pastisseriafaixat.com\/es\/wp-json\/wp\/v2\/media\/2093"}],"wp:attachment":[{"href":"https:\/\/pastisseriafaixat.com\/es\/wp-json\/wp\/v2\/media?parent=2095"}],"wp:term":[{"taxonomy":"product_brand","embeddable":true,"href":"https:\/\/pastisseriafaixat.com\/es\/wp-json\/wp\/v2\/product_brand?post=2095"},{"taxonomy":"product_cat","embeddable":true,"href":"https:\/\/pastisseriafaixat.com\/es\/wp-json\/wp\/v2\/product_cat?post=2095"},{"taxonomy":"product_tag","embeddable":true,"href":"https:\/\/pastisseriafaixat.com\/es\/wp-json\/wp\/v2\/product_tag?post=2095"}],"curies":[{"name":"wp","href":"https:\/\/api.w.org\/{rel}","templated":true}]}}