{"id":2126,"date":"2025-11-19T15:54:35","date_gmt":"2025-11-19T15:54:35","guid":{"rendered":"https:\/\/pastisseriafaixat.com\/producte\/turron-de-alicante\/"},"modified":"2025-11-28T16:58:26","modified_gmt":"2025-11-28T16:58:26","slug":"turron-de-alicante","status":"publish","type":"product","link":"https:\/\/pastisseriafaixat.com\/es\/producte\/turron-de-alicante\/","title":{"rendered":"Turr\u00f3n de Alicante"},"content":{"rendered":"<p>Un turr\u00f3n tradicional, un imprescindible en muchas mesas de Navidad.<\/p>\n<p>Elaborado con almendras tostadas, clara de huevo, az\u00facar y miel.<\/p>\n<p>Tambi\u00e9n conocido como \u201cel duro\u201d, se caracteriza por ser crujiente.<\/p>\n<p>&nbsp;<\/p>\n","protected":false},"excerpt":{"rendered":"<p>Un turr\u00f3n tradicional, un imprescindible en muchas mesas de Navidad. Elaborado con almendras tostadas, clara de huevo, az\u00facar y miel. Tambi\u00e9n conocido como \u201cel duro\u201d, se caracteriza por ser crujiente. &nbsp;<\/p>\n","protected":false},"featured_media":2125,"template":"","meta":[],"product_brand":[],"product_cat":[55],"product_tag":[],"class_list":{"0":"post-2126","1":"product","2":"type-product","3":"status-publish","4":"has-post-thumbnail","6":"product_cat-navidad","8":"first","9":"instock","10":"shipping-taxable","11":"purchasable","12":"product-type-variable"},"jetpack_sharing_enabled":true,"wcpa_form_fields":null,"_links":{"self":[{"href":"https:\/\/pastisseriafaixat.com\/es\/wp-json\/wp\/v2\/product\/2126","targetHints":{"allow":["GET"]}}],"collection":[{"href":"https:\/\/pastisseriafaixat.com\/es\/wp-json\/wp\/v2\/product"}],"about":[{"href":"https:\/\/pastisseriafaixat.com\/es\/wp-json\/wp\/v2\/types\/product"}],"wp:featuredmedia":[{"embeddable":true,"href":"https:\/\/pastisseriafaixat.com\/es\/wp-json\/wp\/v2\/media\/2125"}],"wp:attachment":[{"href":"https:\/\/pastisseriafaixat.com\/es\/wp-json\/wp\/v2\/media?parent=2126"}],"wp:term":[{"taxonomy":"product_brand","embeddable":true,"href":"https:\/\/pastisseriafaixat.com\/es\/wp-json\/wp\/v2\/product_brand?post=2126"},{"taxonomy":"product_cat","embeddable":true,"href":"https:\/\/pastisseriafaixat.com\/es\/wp-json\/wp\/v2\/product_cat?post=2126"},{"taxonomy":"product_tag","embeddable":true,"href":"https:\/\/pastisseriafaixat.com\/es\/wp-json\/wp\/v2\/product_tag?post=2126"}],"curies":[{"name":"wp","href":"https:\/\/api.w.org\/{rel}","templated":true}]}}