{"id":2132,"date":"2025-11-19T15:50:04","date_gmt":"2025-11-19T15:50:04","guid":{"rendered":"https:\/\/pastisseriafaixat.com\/producte\/turron-de-jijona\/"},"modified":"2025-11-28T17:00:09","modified_gmt":"2025-11-28T17:00:09","slug":"turron-de-jijona","status":"publish","type":"product","link":"https:\/\/pastisseriafaixat.com\/es\/producte\/turron-de-jijona\/","title":{"rendered":"Turr\u00f3n de Jijona"},"content":{"rendered":"<p>Un turr\u00f3n tradicional que no pasa nunca de moda. Tambi\u00e9n llamado \u00abel blando\u00bb.<\/p>\n<p>Elaborado con almendras y miel.<\/p>\n<p>&nbsp;<\/p>\n","protected":false},"excerpt":{"rendered":"<p>Un turr\u00f3n tradicional que no pasa nunca de moda. Tambi\u00e9n llamado \u00abel blando\u00bb. Elaborado con almendras y miel. &nbsp;<\/p>\n","protected":false},"featured_media":2131,"template":"","meta":[],"product_brand":[],"product_cat":[55],"product_tag":[],"class_list":{"0":"post-2132","1":"product","2":"type-product","3":"status-publish","4":"has-post-thumbnail","6":"product_cat-navidad","8":"first","9":"instock","10":"shipping-taxable","11":"purchasable","12":"product-type-variable"},"jetpack_sharing_enabled":true,"wcpa_form_fields":null,"_links":{"self":[{"href":"https:\/\/pastisseriafaixat.com\/es\/wp-json\/wp\/v2\/product\/2132","targetHints":{"allow":["GET"]}}],"collection":[{"href":"https:\/\/pastisseriafaixat.com\/es\/wp-json\/wp\/v2\/product"}],"about":[{"href":"https:\/\/pastisseriafaixat.com\/es\/wp-json\/wp\/v2\/types\/product"}],"wp:featuredmedia":[{"embeddable":true,"href":"https:\/\/pastisseriafaixat.com\/es\/wp-json\/wp\/v2\/media\/2131"}],"wp:attachment":[{"href":"https:\/\/pastisseriafaixat.com\/es\/wp-json\/wp\/v2\/media?parent=2132"}],"wp:term":[{"taxonomy":"product_brand","embeddable":true,"href":"https:\/\/pastisseriafaixat.com\/es\/wp-json\/wp\/v2\/product_brand?post=2132"},{"taxonomy":"product_cat","embeddable":true,"href":"https:\/\/pastisseriafaixat.com\/es\/wp-json\/wp\/v2\/product_cat?post=2132"},{"taxonomy":"product_tag","embeddable":true,"href":"https:\/\/pastisseriafaixat.com\/es\/wp-json\/wp\/v2\/product_tag?post=2132"}],"curies":[{"name":"wp","href":"https:\/\/api.w.org\/{rel}","templated":true}]}}