{"id":2144,"date":"2025-11-12T13:03:36","date_gmt":"2025-11-12T13:03:36","guid":{"rendered":"https:\/\/pastisseriafaixat.com\/producte\/turron-de-bolitas\/"},"modified":"2025-11-28T17:06:40","modified_gmt":"2025-11-28T17:06:40","slug":"turron-de-bolitas","status":"publish","type":"product","link":"https:\/\/pastisseriafaixat.com\/es\/producte\/turron-de-bolitas\/","title":{"rendered":"Turr\u00f3n de bolitas"},"content":{"rendered":"<p>Una especialidad que solo encontrar\u00e1s en nuestra pasteler\u00eda. Seguimos elaborando la receta hist\u00f3rica a base de pralin\u00e9 de almendra 100% marcona, con un suave toque de caf\u00e9 y decorado con las m\u00edticas bolitas de colores.<\/p>\n","protected":false},"excerpt":{"rendered":"<p>Una especialidad que solo encontrar\u00e1s en nuestra pasteler\u00eda. Seguimos elaborando la receta hist\u00f3rica a base de pralin\u00e9 de almendra 100% marcona, con un suave toque de caf\u00e9 y decorado con las m\u00edticas bolitas de colores.<\/p>\n","protected":false},"featured_media":2143,"template":"","meta":[],"product_brand":[],"product_cat":[60,55],"product_tag":[],"class_list":{"0":"post-2144","1":"product","2":"type-product","3":"status-publish","4":"has-post-thumbnail","6":"product_cat-chocolates","7":"product_cat-navidad","9":"first","10":"outofstock","11":"shipping-taxable","12":"purchasable","13":"product-type-variable"},"jetpack_sharing_enabled":true,"wcpa_form_fields":null,"_links":{"self":[{"href":"https:\/\/pastisseriafaixat.com\/es\/wp-json\/wp\/v2\/product\/2144","targetHints":{"allow":["GET"]}}],"collection":[{"href":"https:\/\/pastisseriafaixat.com\/es\/wp-json\/wp\/v2\/product"}],"about":[{"href":"https:\/\/pastisseriafaixat.com\/es\/wp-json\/wp\/v2\/types\/product"}],"wp:featuredmedia":[{"embeddable":true,"href":"https:\/\/pastisseriafaixat.com\/es\/wp-json\/wp\/v2\/media\/2143"}],"wp:attachment":[{"href":"https:\/\/pastisseriafaixat.com\/es\/wp-json\/wp\/v2\/media?parent=2144"}],"wp:term":[{"taxonomy":"product_brand","embeddable":true,"href":"https:\/\/pastisseriafaixat.com\/es\/wp-json\/wp\/v2\/product_brand?post=2144"},{"taxonomy":"product_cat","embeddable":true,"href":"https:\/\/pastisseriafaixat.com\/es\/wp-json\/wp\/v2\/product_cat?post=2144"},{"taxonomy":"product_tag","embeddable":true,"href":"https:\/\/pastisseriafaixat.com\/es\/wp-json\/wp\/v2\/product_tag?post=2144"}],"curies":[{"name":"wp","href":"https:\/\/api.w.org\/{rel}","templated":true}]}}