{"id":2341,"date":"2026-01-12T15:12:47","date_gmt":"2026-01-12T15:12:47","guid":{"rendered":"https:\/\/pastisseriafaixat.com\/producte\/abanicos-tradicionales-o-abanicos-de-chocolate\/"},"modified":"2026-01-22T15:59:05","modified_gmt":"2026-01-22T15:59:05","slug":"abanicos","status":"publish","type":"product","link":"https:\/\/pastisseriafaixat.com\/es\/producte\/abanicos\/","title":{"rendered":"Abanicos tradicionales o abanicos de chocolate"},"content":{"rendered":"<p data-start=\"52\" data-end=\"155\">Abanicos tradicionales con aroma de vainilla. Son como los barquillos, pero con una presentaci\u00f3n diferente.<\/p>\n<p data-start=\"157\" data-end=\"215\">Tambi\u00e9n tenemos la opci\u00f3n semiba\u00f1ada con chocolate negro.<\/p>\n","protected":false},"excerpt":{"rendered":"<p>Abanicos tradicionales con aroma de vainilla. Son como los barquillos, pero con una presentaci\u00f3n diferente. Tambi\u00e9n tenemos la opci\u00f3n semiba\u00f1ada con chocolate negro.<\/p>\n","protected":false},"featured_media":2530,"template":"","meta":[],"product_brand":[],"product_cat":[114],"product_tag":[],"class_list":{"0":"post-2341","1":"product","2":"type-product","3":"status-publish","4":"has-post-thumbnail","6":"product_cat-despensa-dulce","8":"first","9":"instock","10":"shipping-taxable","11":"purchasable","12":"product-type-variable"},"jetpack_sharing_enabled":true,"wcpa_form_fields":null,"_links":{"self":[{"href":"https:\/\/pastisseriafaixat.com\/es\/wp-json\/wp\/v2\/product\/2341","targetHints":{"allow":["GET"]}}],"collection":[{"href":"https:\/\/pastisseriafaixat.com\/es\/wp-json\/wp\/v2\/product"}],"about":[{"href":"https:\/\/pastisseriafaixat.com\/es\/wp-json\/wp\/v2\/types\/product"}],"wp:featuredmedia":[{"embeddable":true,"href":"https:\/\/pastisseriafaixat.com\/es\/wp-json\/wp\/v2\/media\/2530"}],"wp:attachment":[{"href":"https:\/\/pastisseriafaixat.com\/es\/wp-json\/wp\/v2\/media?parent=2341"}],"wp:term":[{"taxonomy":"product_brand","embeddable":true,"href":"https:\/\/pastisseriafaixat.com\/es\/wp-json\/wp\/v2\/product_brand?post=2341"},{"taxonomy":"product_cat","embeddable":true,"href":"https:\/\/pastisseriafaixat.com\/es\/wp-json\/wp\/v2\/product_cat?post=2341"},{"taxonomy":"product_tag","embeddable":true,"href":"https:\/\/pastisseriafaixat.com\/es\/wp-json\/wp\/v2\/product_tag?post=2341"}],"curies":[{"name":"wp","href":"https:\/\/api.w.org\/{rel}","templated":true}]}}