{"id":2360,"date":"2026-01-12T16:06:30","date_gmt":"2026-01-12T16:06:30","guid":{"rendered":"https:\/\/pastisseriafaixat.com\/producte\/caja-de-pasta-de-te\/"},"modified":"2026-01-12T17:42:00","modified_gmt":"2026-01-12T17:42:00","slug":"caja-de-pasta-de-te","status":"publish","type":"product","link":"https:\/\/pastisseriafaixat.com\/es\/producte\/caja-de-pasta-de-te\/","title":{"rendered":"Caja de Pasta de t\u00e9"},"content":{"rendered":"<p>Surtido de pasta de t\u00e9 (m\u00e1s conocidas como galletas de mantequilla).<\/p>\n","protected":false},"excerpt":{"rendered":"<p>Surtido de pasta de t\u00e9 (m\u00e1s conocidas como galletas de mantequilla).<\/p>\n","protected":false},"featured_media":2359,"template":"","meta":[],"product_brand":[],"product_cat":[114],"product_tag":[],"class_list":{"0":"post-2360","1":"product","2":"type-product","3":"status-publish","4":"has-post-thumbnail","6":"product_cat-despensa-dulce","8":"first","9":"instock","10":"shipping-taxable","11":"purchasable","12":"product-type-simple"},"jetpack_sharing_enabled":true,"wcpa_form_fields":null,"_links":{"self":[{"href":"https:\/\/pastisseriafaixat.com\/es\/wp-json\/wp\/v2\/product\/2360","targetHints":{"allow":["GET"]}}],"collection":[{"href":"https:\/\/pastisseriafaixat.com\/es\/wp-json\/wp\/v2\/product"}],"about":[{"href":"https:\/\/pastisseriafaixat.com\/es\/wp-json\/wp\/v2\/types\/product"}],"wp:featuredmedia":[{"embeddable":true,"href":"https:\/\/pastisseriafaixat.com\/es\/wp-json\/wp\/v2\/media\/2359"}],"wp:attachment":[{"href":"https:\/\/pastisseriafaixat.com\/es\/wp-json\/wp\/v2\/media?parent=2360"}],"wp:term":[{"taxonomy":"product_brand","embeddable":true,"href":"https:\/\/pastisseriafaixat.com\/es\/wp-json\/wp\/v2\/product_brand?post=2360"},{"taxonomy":"product_cat","embeddable":true,"href":"https:\/\/pastisseriafaixat.com\/es\/wp-json\/wp\/v2\/product_cat?post=2360"},{"taxonomy":"product_tag","embeddable":true,"href":"https:\/\/pastisseriafaixat.com\/es\/wp-json\/wp\/v2\/product_tag?post=2360"}],"curies":[{"name":"wp","href":"https:\/\/api.w.org\/{rel}","templated":true}]}}