{"id":2422,"date":"2026-01-21T14:23:35","date_gmt":"2026-01-21T14:23:35","guid":{"rendered":"https:\/\/pastisseriafaixat.com\/producte\/lemon-pie\/"},"modified":"2026-01-21T14:39:52","modified_gmt":"2026-01-21T14:39:52","slug":"lemon-pie","status":"publish","type":"product","link":"https:\/\/pastisseriafaixat.com\/es\/producte\/lemon-pie\/","title":{"rendered":"Lemon Pie"},"content":{"rendered":"<p>Base de pasta sabl\u00e9e (tipo galleta) con interior de crema de lim\u00f3n y decorado con merengue.<\/p>\n<p>Tama\u00f1os: peque\u00f1o para 4-5 personas, mediano para 6-7 personas y grande para 8-9 personas.<\/p>\n","protected":false},"excerpt":{"rendered":"<p>Base de pasta sabl\u00e9e (tipo galleta) con interior de crema de lim\u00f3n y decorado con merengue. Tama\u00f1os: peque\u00f1o para 4-5 personas, mediano para 6-7 personas y grande para 8-9 personas.<\/p>\n","protected":false},"featured_media":2421,"template":"","meta":[],"product_brand":[],"product_cat":[43],"product_tag":[],"class_list":{"0":"post-2422","1":"product","2":"type-product","3":"status-publish","4":"has-post-thumbnail","6":"product_cat-pasteles","8":"first","9":"instock","10":"shipping-taxable","11":"purchasable","12":"product-type-variable"},"jetpack_sharing_enabled":true,"wcpa_form_fields":null,"_links":{"self":[{"href":"https:\/\/pastisseriafaixat.com\/es\/wp-json\/wp\/v2\/product\/2422","targetHints":{"allow":["GET"]}}],"collection":[{"href":"https:\/\/pastisseriafaixat.com\/es\/wp-json\/wp\/v2\/product"}],"about":[{"href":"https:\/\/pastisseriafaixat.com\/es\/wp-json\/wp\/v2\/types\/product"}],"wp:featuredmedia":[{"embeddable":true,"href":"https:\/\/pastisseriafaixat.com\/es\/wp-json\/wp\/v2\/media\/2421"}],"wp:attachment":[{"href":"https:\/\/pastisseriafaixat.com\/es\/wp-json\/wp\/v2\/media?parent=2422"}],"wp:term":[{"taxonomy":"product_brand","embeddable":true,"href":"https:\/\/pastisseriafaixat.com\/es\/wp-json\/wp\/v2\/product_brand?post=2422"},{"taxonomy":"product_cat","embeddable":true,"href":"https:\/\/pastisseriafaixat.com\/es\/wp-json\/wp\/v2\/product_cat?post=2422"},{"taxonomy":"product_tag","embeddable":true,"href":"https:\/\/pastisseriafaixat.com\/es\/wp-json\/wp\/v2\/product_tag?post=2422"}],"curies":[{"name":"wp","href":"https:\/\/api.w.org\/{rel}","templated":true}]}}