{"id":2466,"date":"2026-01-21T15:41:15","date_gmt":"2026-01-21T15:41:15","guid":{"rendered":"https:\/\/pastisseriafaixat.com\/producte\/tatin\/"},"modified":"2026-01-21T15:44:48","modified_gmt":"2026-01-21T15:44:48","slug":"tatin","status":"publish","type":"product","link":"https:\/\/pastisseriafaixat.com\/es\/producte\/tatin\/","title":{"rendered":"Tatin"},"content":{"rendered":"<p>Un cl\u00e1sico de la pasteler\u00eda francesa. Masa sabl\u00e9e de almendra con manzana caramelizada con canela y miel, y decorada con ganache de chocolate blanco con vainilla de Madagascar.<\/p>\n<p>Tama\u00f1o \u00fanico para unas 6 personas.<\/p>\n","protected":false},"excerpt":{"rendered":"<p>Un cl\u00e1sico de la pasteler\u00eda francesa. Masa sabl\u00e9e de almendra con manzana caramelizada con canela y miel, y decorada con ganache de chocolate blanco con vainilla de Madagascar. Tama\u00f1o \u00fanico para unas 6 personas.<\/p>\n","protected":false},"featured_media":2451,"template":"","meta":[],"product_brand":[],"product_cat":[43],"product_tag":[],"class_list":{"0":"post-2466","1":"product","2":"type-product","3":"status-publish","4":"has-post-thumbnail","6":"product_cat-pasteles","8":"first","9":"instock","10":"shipping-taxable","11":"purchasable","12":"product-type-simple"},"jetpack_sharing_enabled":true,"wcpa_form_fields":null,"_links":{"self":[{"href":"https:\/\/pastisseriafaixat.com\/es\/wp-json\/wp\/v2\/product\/2466","targetHints":{"allow":["GET"]}}],"collection":[{"href":"https:\/\/pastisseriafaixat.com\/es\/wp-json\/wp\/v2\/product"}],"about":[{"href":"https:\/\/pastisseriafaixat.com\/es\/wp-json\/wp\/v2\/types\/product"}],"wp:featuredmedia":[{"embeddable":true,"href":"https:\/\/pastisseriafaixat.com\/es\/wp-json\/wp\/v2\/media\/2451"}],"wp:attachment":[{"href":"https:\/\/pastisseriafaixat.com\/es\/wp-json\/wp\/v2\/media?parent=2466"}],"wp:term":[{"taxonomy":"product_brand","embeddable":true,"href":"https:\/\/pastisseriafaixat.com\/es\/wp-json\/wp\/v2\/product_brand?post=2466"},{"taxonomy":"product_cat","embeddable":true,"href":"https:\/\/pastisseriafaixat.com\/es\/wp-json\/wp\/v2\/product_cat?post=2466"},{"taxonomy":"product_tag","embeddable":true,"href":"https:\/\/pastisseriafaixat.com\/es\/wp-json\/wp\/v2\/product_tag?post=2466"}],"curies":[{"name":"wp","href":"https:\/\/api.w.org\/{rel}","templated":true}]}}