{"id":2477,"date":"2026-01-21T18:19:31","date_gmt":"2026-01-21T18:19:31","guid":{"rendered":"https:\/\/pastisseriafaixat.com\/producte\/sacher-de-melocoton\/"},"modified":"2026-01-21T18:28:22","modified_gmt":"2026-01-21T18:28:22","slug":"sacher-de-melocoton","status":"publish","type":"product","link":"https:\/\/pastisseriafaixat.com\/es\/producte\/sacher-de-melocoton\/","title":{"rendered":"Sacher de melocot\u00f3n"},"content":{"rendered":"<p>Sacher relleno con mermelada de melocot\u00f3n, que contrasta con la intensidad del bizcocho de cacao y la ganache de chocolate negro.<\/p>\n<p data-pm-slice=\"1 1 []\">Tama\u00f1os (aproximados): peque\u00f1o para 4 personas, mediano para 5-6 personas y grande para 8 personas.<\/p>\n","protected":false},"excerpt":{"rendered":"<p>Sacher relleno con mermelada de melocot\u00f3n, que contrasta con la intensidad del bizcocho de cacao y la ganache de chocolate negro. Tama\u00f1os (aproximados): peque\u00f1o para 4 personas, mediano para 5-6 personas y grande para 8 personas.<\/p>\n","protected":false},"featured_media":2449,"template":"","meta":[],"product_brand":[],"product_cat":[43],"product_tag":[],"class_list":{"0":"post-2477","1":"product","2":"type-product","3":"status-publish","4":"has-post-thumbnail","6":"product_cat-pasteles","8":"first","9":"instock","10":"shipping-taxable","11":"purchasable","12":"product-type-variable"},"jetpack_sharing_enabled":true,"wcpa_form_fields":null,"_links":{"self":[{"href":"https:\/\/pastisseriafaixat.com\/es\/wp-json\/wp\/v2\/product\/2477","targetHints":{"allow":["GET"]}}],"collection":[{"href":"https:\/\/pastisseriafaixat.com\/es\/wp-json\/wp\/v2\/product"}],"about":[{"href":"https:\/\/pastisseriafaixat.com\/es\/wp-json\/wp\/v2\/types\/product"}],"wp:featuredmedia":[{"embeddable":true,"href":"https:\/\/pastisseriafaixat.com\/es\/wp-json\/wp\/v2\/media\/2449"}],"wp:attachment":[{"href":"https:\/\/pastisseriafaixat.com\/es\/wp-json\/wp\/v2\/media?parent=2477"}],"wp:term":[{"taxonomy":"product_brand","embeddable":true,"href":"https:\/\/pastisseriafaixat.com\/es\/wp-json\/wp\/v2\/product_brand?post=2477"},{"taxonomy":"product_cat","embeddable":true,"href":"https:\/\/pastisseriafaixat.com\/es\/wp-json\/wp\/v2\/product_cat?post=2477"},{"taxonomy":"product_tag","embeddable":true,"href":"https:\/\/pastisseriafaixat.com\/es\/wp-json\/wp\/v2\/product_tag?post=2477"}],"curies":[{"name":"wp","href":"https:\/\/api.w.org\/{rel}","templated":true}]}}