{"id":2507,"date":"2026-01-22T15:14:58","date_gmt":"2026-01-22T15:14:58","guid":{"rendered":"https:\/\/pastisseriafaixat.com\/producte\/brazo-de-jijona\/"},"modified":"2026-01-22T15:32:24","modified_gmt":"2026-01-22T15:32:24","slug":"brazo-de-jijona","status":"publish","type":"product","link":"https:\/\/pastisseriafaixat.com\/es\/producte\/brazo-de-jijona\/","title":{"rendered":"Brazo de Jijona"},"content":{"rendered":"<p>Brazo de gitano formado por un bizcocho, relleno con mousse de turr\u00f3n de Jijona y cubierto con crocante de almendra.<br \/>Tama\u00f1o \u00fanico para unas 6 personas.<\/p>\n","protected":false},"excerpt":{"rendered":"<p>Brazo de gitano formado por un bizcocho, relleno con mousse de turr\u00f3n de Jijona y cubierto con crocante de almendra.Tama\u00f1o \u00fanico para unas 6 personas.<\/p>\n","protected":false},"featured_media":2500,"template":"","meta":[],"product_brand":[],"product_cat":[43],"product_tag":[],"class_list":{"0":"post-2507","1":"product","2":"type-product","3":"status-publish","4":"has-post-thumbnail","6":"product_cat-pasteles","8":"first","9":"instock","10":"shipping-taxable","11":"purchasable","12":"product-type-simple"},"jetpack_sharing_enabled":true,"wcpa_form_fields":null,"_links":{"self":[{"href":"https:\/\/pastisseriafaixat.com\/es\/wp-json\/wp\/v2\/product\/2507","targetHints":{"allow":["GET"]}}],"collection":[{"href":"https:\/\/pastisseriafaixat.com\/es\/wp-json\/wp\/v2\/product"}],"about":[{"href":"https:\/\/pastisseriafaixat.com\/es\/wp-json\/wp\/v2\/types\/product"}],"wp:featuredmedia":[{"embeddable":true,"href":"https:\/\/pastisseriafaixat.com\/es\/wp-json\/wp\/v2\/media\/2500"}],"wp:attachment":[{"href":"https:\/\/pastisseriafaixat.com\/es\/wp-json\/wp\/v2\/media?parent=2507"}],"wp:term":[{"taxonomy":"product_brand","embeddable":true,"href":"https:\/\/pastisseriafaixat.com\/es\/wp-json\/wp\/v2\/product_brand?post=2507"},{"taxonomy":"product_cat","embeddable":true,"href":"https:\/\/pastisseriafaixat.com\/es\/wp-json\/wp\/v2\/product_cat?post=2507"},{"taxonomy":"product_tag","embeddable":true,"href":"https:\/\/pastisseriafaixat.com\/es\/wp-json\/wp\/v2\/product_tag?post=2507"}],"curies":[{"name":"wp","href":"https:\/\/api.w.org\/{rel}","templated":true}]}}