{"id":2562,"date":"2026-01-22T16:13:48","date_gmt":"2026-01-22T16:13:48","guid":{"rendered":"https:\/\/pastisseriafaixat.com\/producte\/velas-de-chocolate-negro\/"},"modified":"2026-01-22T16:27:06","modified_gmt":"2026-01-22T16:27:06","slug":"velas-de-chocolate-negro","status":"publish","type":"product","link":"https:\/\/pastisseriafaixat.com\/es\/producte\/velas-de-chocolate-negro\/","title":{"rendered":"Velas de chocolate negro"},"content":{"rendered":"<p>Escoger qu\u00e9 vela se necesita en el desplegable \u00abN\u00famero\u00bb y a\u00f1adir a la cesta.<\/p>\n<p>Abajo se puede elegir cu\u00e1ntas unidades por n\u00famero se necesitan.<\/p>\n<p>Por ejemplo, en caso de necesitar un 101: poner \u00ab0\u00bb en el desplegable \u00abN\u00famero\u00bb, dejar marcada una unidad y \u00aba\u00f1adir a la cesta\u00bb. Seguidamente, poner \u00ab1\u00bb en el desplegable \u00abN\u00famero\u00bb, abajo marcar 2 unidades, y \u00aba\u00f1adir a la cesta\u00bb.<br \/>\nComprobar en la cesta que sean correctas.<\/p>\n","protected":false},"excerpt":{"rendered":"<p>Escoger qu\u00e9 vela se necesita en el desplegable \u00abN\u00famero\u00bb y a\u00f1adir a la cesta. Abajo se puede elegir cu\u00e1ntas unidades por n\u00famero se necesitan. Por ejemplo, en caso de necesitar un 101: poner \u00ab0\u00bb en el desplegable \u00abN\u00famero\u00bb, dejar marcada una unidad y \u00aba\u00f1adir a&#8230;<\/p>\n","protected":false},"featured_media":2549,"template":"","meta":[],"product_brand":[],"product_cat":[60,43],"product_tag":[],"class_list":{"0":"post-2562","1":"product","2":"type-product","3":"status-publish","4":"has-post-thumbnail","6":"product_cat-chocolates","7":"product_cat-pasteles","9":"first","10":"instock","11":"shipping-taxable","12":"purchasable","13":"product-type-variable"},"jetpack_sharing_enabled":true,"wcpa_form_fields":null,"_links":{"self":[{"href":"https:\/\/pastisseriafaixat.com\/es\/wp-json\/wp\/v2\/product\/2562","targetHints":{"allow":["GET"]}}],"collection":[{"href":"https:\/\/pastisseriafaixat.com\/es\/wp-json\/wp\/v2\/product"}],"about":[{"href":"https:\/\/pastisseriafaixat.com\/es\/wp-json\/wp\/v2\/types\/product"}],"wp:featuredmedia":[{"embeddable":true,"href":"https:\/\/pastisseriafaixat.com\/es\/wp-json\/wp\/v2\/media\/2549"}],"wp:attachment":[{"href":"https:\/\/pastisseriafaixat.com\/es\/wp-json\/wp\/v2\/media?parent=2562"}],"wp:term":[{"taxonomy":"product_brand","embeddable":true,"href":"https:\/\/pastisseriafaixat.com\/es\/wp-json\/wp\/v2\/product_brand?post=2562"},{"taxonomy":"product_cat","embeddable":true,"href":"https:\/\/pastisseriafaixat.com\/es\/wp-json\/wp\/v2\/product_cat?post=2562"},{"taxonomy":"product_tag","embeddable":true,"href":"https:\/\/pastisseriafaixat.com\/es\/wp-json\/wp\/v2\/product_tag?post=2562"}],"curies":[{"name":"wp","href":"https:\/\/api.w.org\/{rel}","templated":true}]}}