{"id":2617,"date":"2026-01-23T11:33:17","date_gmt":"2026-01-23T11:33:17","guid":{"rendered":"https:\/\/pastisseriafaixat.com\/producte\/cajita-osito\/"},"modified":"2026-01-23T11:37:45","modified_gmt":"2026-01-23T11:37:45","slug":"cajita-osito","status":"publish","type":"product","link":"https:\/\/pastisseriafaixat.com\/es\/producte\/cajita-osito\/","title":{"rendered":"Cajita Osito"},"content":{"rendered":"<p>Bolsita de avellanas suizas de chocolate negro o de chocolate con leche.<br \/>\nEn presentaci\u00f3n rom\u00e1ntica en forma de osito, ideal como regalo de San Valent\u00edn o Sant Jordi.<\/p>\n","protected":false},"excerpt":{"rendered":"<p>Bolsita de avellanas suizas de chocolate negro o de chocolate con leche. En presentaci\u00f3n rom\u00e1ntica en forma de osito, ideal como regalo de San Valent\u00edn o Sant Jordi.<\/p>\n","protected":false},"featured_media":2563,"template":"","meta":[],"product_brand":[],"product_cat":[60],"product_tag":[],"class_list":{"0":"post-2617","1":"product","2":"type-product","3":"status-publish","4":"has-post-thumbnail","6":"product_cat-chocolates","8":"first","9":"instock","10":"shipping-taxable","11":"purchasable","12":"product-type-variable"},"jetpack_sharing_enabled":true,"wcpa_form_fields":null,"_links":{"self":[{"href":"https:\/\/pastisseriafaixat.com\/es\/wp-json\/wp\/v2\/product\/2617","targetHints":{"allow":["GET"]}}],"collection":[{"href":"https:\/\/pastisseriafaixat.com\/es\/wp-json\/wp\/v2\/product"}],"about":[{"href":"https:\/\/pastisseriafaixat.com\/es\/wp-json\/wp\/v2\/types\/product"}],"wp:featuredmedia":[{"embeddable":true,"href":"https:\/\/pastisseriafaixat.com\/es\/wp-json\/wp\/v2\/media\/2563"}],"wp:attachment":[{"href":"https:\/\/pastisseriafaixat.com\/es\/wp-json\/wp\/v2\/media?parent=2617"}],"wp:term":[{"taxonomy":"product_brand","embeddable":true,"href":"https:\/\/pastisseriafaixat.com\/es\/wp-json\/wp\/v2\/product_brand?post=2617"},{"taxonomy":"product_cat","embeddable":true,"href":"https:\/\/pastisseriafaixat.com\/es\/wp-json\/wp\/v2\/product_cat?post=2617"},{"taxonomy":"product_tag","embeddable":true,"href":"https:\/\/pastisseriafaixat.com\/es\/wp-json\/wp\/v2\/product_tag?post=2617"}],"curies":[{"name":"wp","href":"https:\/\/api.w.org\/{rel}","templated":true}]}}