{"id":2673,"date":"2026-02-02T16:35:18","date_gmt":"2026-02-02T16:35:18","guid":{"rendered":"https:\/\/pastisseriafaixat.com\/producte\/croissant-sauc\/"},"modified":"2026-04-29T15:30:21","modified_gmt":"2026-04-29T15:30:21","slug":"croissant-sauc","status":"publish","type":"product","link":"https:\/\/pastisseriafaixat.com\/es\/producte\/croissant-sauc\/","title":{"rendered":"Croissant Sa\u00fcc Caf\u00e9"},"content":{"rendered":"<p>Pieza hojaldrada en forma de media luna rellena con crema de caf\u00e9.<\/p>\n<p>Le hemos puesto este nombre para dedicarla a nuestro hijo Sa\u00fcc.<\/p>\n","protected":false},"excerpt":{"rendered":"<p>Pieza hojaldrada en forma de media luna rellena con crema de caf\u00e9. Le hemos puesto este nombre para dedicarla a nuestro hijo Sa\u00fcc.<\/p>\n","protected":false},"featured_media":2658,"template":"","meta":[],"product_brand":[],"product_cat":[139],"product_tag":[],"class_list":{"0":"post-2673","1":"product","2":"type-product","3":"status-publish","4":"has-post-thumbnail","6":"product_cat-bolleria","8":"first","9":"instock","10":"shipping-taxable","11":"purchasable","12":"product-type-simple"},"jetpack_sharing_enabled":true,"wcpa_form_fields":null,"_links":{"self":[{"href":"https:\/\/pastisseriafaixat.com\/es\/wp-json\/wp\/v2\/product\/2673","targetHints":{"allow":["GET"]}}],"collection":[{"href":"https:\/\/pastisseriafaixat.com\/es\/wp-json\/wp\/v2\/product"}],"about":[{"href":"https:\/\/pastisseriafaixat.com\/es\/wp-json\/wp\/v2\/types\/product"}],"wp:featuredmedia":[{"embeddable":true,"href":"https:\/\/pastisseriafaixat.com\/es\/wp-json\/wp\/v2\/media\/2658"}],"wp:attachment":[{"href":"https:\/\/pastisseriafaixat.com\/es\/wp-json\/wp\/v2\/media?parent=2673"}],"wp:term":[{"taxonomy":"product_brand","embeddable":true,"href":"https:\/\/pastisseriafaixat.com\/es\/wp-json\/wp\/v2\/product_brand?post=2673"},{"taxonomy":"product_cat","embeddable":true,"href":"https:\/\/pastisseriafaixat.com\/es\/wp-json\/wp\/v2\/product_cat?post=2673"},{"taxonomy":"product_tag","embeddable":true,"href":"https:\/\/pastisseriafaixat.com\/es\/wp-json\/wp\/v2\/product_tag?post=2673"}],"curies":[{"name":"wp","href":"https:\/\/api.w.org\/{rel}","templated":true}]}}